{"id":19,"date":"2021-03-20T21:17:56","date_gmt":"2021-03-20T21:17:56","guid":{"rendered":"https:\/\/feramusyakut.com\/?page_id=19"},"modified":"2021-03-29T21:33:40","modified_gmt":"2021-03-29T21:33:40","slug":"hakkimizda","status":"publish","type":"page","link":"https:\/\/feramusyakut.com\/index.php\/hakkimizda\/","title":{"rendered":"Hakk\u0131m\u0131zda"},"content":{"rendered":"\r\n<p>1965 y\u0131l\u0131nda Diyarbak\u0131r&#8217;da do\u011fdum, 1966 y\u0131l\u0131nda ailemle beraber \u0130stanbul&#8217;a geldim. Bu i\u015fe ilkokulu bitirdikten sonra ortaokul y\u0131llar\u0131nda yaz tatilinde terzili\u011fe ba\u015flad\u0131m.<\/p>\r\n<p>Lise \u00f6\u011frenimimi tamamlad\u0131ktan sonra askerlik \u00e7a\u011f\u0131na kadar kalfal\u0131k e\u011fitimimi tamamlad\u0131m ve bu arada akedemik d\u00fczeyde 4 senelik modelistlik ve stilistlik okulunu birincilikle tamamlad\u0131m.<\/p>\r\n<p>Daha sonralar\u0131 d\u00fcnyadaki markalar\u0131 daha iyi analiz etmek i\u00e7in T\u00fcrkiye&#8217;de a\u00e7\u0131lan marka ma\u011fazalarda \u00e7al\u0131\u015ft\u0131m ve bu markalardan teknik ve model geli\u015ftirme a\u00e7\u0131s\u0131ndan \u00e7ok \u015feyler \u00f6\u011frendim,  \u0130stinye Park&#8217;taki \u0130stinye Terzi&#8217;de hizmet vermekteyim.<\/p>\r\n","protected":false},"excerpt":{"rendered":"<p>1965 y\u0131l\u0131nda Diyarbak\u0131r&#8217;da do\u011fdum, 1966 y\u0131l\u0131nda ailemle beraber \u0130stanbul&#8217;a geldim. Bu i\u015fe ilkokulu bitirdikten sonra ortaokul y\u0131llar\u0131nda yaz tatilinde terzili\u011fe ba\u015flad\u0131m. Lise \u00f6\u011frenimimi tamamlad\u0131ktan sonra askerlik \u00e7a\u011f\u0131na kadar kalfal\u0131k e\u011fitimimi tamamlad\u0131m ve bu arada akedemik d\u00fczeyde 4 senelik modelistlik ve stilistlik okulunu birincilikle tamamlad\u0131m. Daha sonralar\u0131 d\u00fcnyadaki markalar\u0131 daha iyi analiz etmek i\u00e7in T\u00fcrkiye&#8217;de a\u00e7\u0131lan &hellip; <\/p>\n<p class=\"link-more\"><a href=\"https:\/\/feramusyakut.com\/index.php\/hakkimizda\/\" class=\"more-link\">Okumaya devam et<span class=\"screen-reader-text\"> &#8220;Hakk\u0131m\u0131zda&#8221;<\/span><\/a><\/p>\n","protected":false},"author":2,"featured_media":56,"parent":0,"menu_order":0,"comment_status":"closed","ping_status":"closed","template":"","meta":{"footnotes":""},"class_list":["post-19","page","type-page","status-publish","has-post-thumbnail","hentry"],"_links":{"self":[{"href":"https:\/\/feramusyakut.com\/index.php\/wp-json\/wp\/v2\/pages\/19","targetHints":{"allow":["GET"]}}],"collection":[{"href":"https:\/\/feramusyakut.com\/index.php\/wp-json\/wp\/v2\/pages"}],"about":[{"href":"https:\/\/feramusyakut.com\/index.php\/wp-json\/wp\/v2\/types\/page"}],"author":[{"embeddable":true,"href":"https:\/\/feramusyakut.com\/index.php\/wp-json\/wp\/v2\/users\/2"}],"replies":[{"embeddable":true,"href":"https:\/\/feramusyakut.com\/index.php\/wp-json\/wp\/v2\/comments?post=19"}],"version-history":[{"count":4,"href":"https:\/\/feramusyakut.com\/index.php\/wp-json\/wp\/v2\/pages\/19\/revisions"}],"predecessor-version":[{"id":83,"href":"https:\/\/feramusyakut.com\/index.php\/wp-json\/wp\/v2\/pages\/19\/revisions\/83"}],"wp:featuredmedia":[{"embeddable":true,"href":"https:\/\/feramusyakut.com\/index.php\/wp-json\/wp\/v2\/media\/56"}],"wp:attachment":[{"href":"https:\/\/feramusyakut.com\/index.php\/wp-json\/wp\/v2\/media?parent=19"}],"curies":[{"name":"wp","href":"https:\/\/api.w.org\/{rel}","templated":true}]}}