{"id":20,"date":"2021-03-20T21:17:56","date_gmt":"2021-03-20T21:17:56","guid":{"rendered":"https:\/\/feramusyakut.com\/?page_id=20"},"modified":"2021-03-20T21:59:05","modified_gmt":"2021-03-20T21:59:05","slug":"bize-ulasin","status":"publish","type":"page","link":"https:\/\/feramusyakut.com\/index.php\/bize-ulasin\/","title":{"rendered":"Bize ula\u015f\u0131n"},"content":{"rendered":"<p><strong>\u0130leti\u015fim ve Adres<\/strong><\/p>\n<p>Feramus Yakut \u0130leti\u015fim: 0542 345 58 39<br \/>\n                        0212 345 60 12<\/p>\n<p>\u0130stinye, \u0130stinye Bay\u0131r\u0131 Cad. \u0130stinyepark Al\u0131\u015fveri\u015f Merkezi No:11 D:107-108, 34460 Sar\u0131yer\/\u0130stanbul<\/p>\n<p><iframe style=\"border: 0;\" src=\"https:\/\/www.google.com\/maps\/embed?pb=!1m18!1m12!1m3!1d3006.1024301424413!2d29.0306829158574!3d41.11045397929046!2m3!1f0!2f0!3f0!3m2!1i1024!2i768!4f13.1!3m3!1m2!1s0x14cab592c4a9f397%3A0xdf51132bece18133!2s%C4%B0stinye%20Terzi!5e0!3m2!1str!2str!4v1616274974999!5m2!1str!2str\" width=\"600\" height=\"450\" allowfullscreen=\"\"><\/iframe><\/p>\n","protected":false},"excerpt":{"rendered":"<p>\u0130leti\u015fim ve Adres Feramus Yakut \u0130leti\u015fim: 0542 345 58 39 0212 345 60 12 \u0130stinye, \u0130stinye Bay\u0131r\u0131 Cad. \u0130stinyepark Al\u0131\u015fveri\u015f Merkezi No:11 D:107-108, 34460 Sar\u0131yer\/\u0130stanbul<\/p>\n","protected":false},"author":2,"featured_media":15,"parent":0,"menu_order":0,"comment_status":"closed","ping_status":"closed","template":"","meta":{"footnotes":""},"class_list":["post-20","page","type-page","status-publish","has-post-thumbnail","hentry"],"_links":{"self":[{"href":"https:\/\/feramusyakut.com\/index.php\/wp-json\/wp\/v2\/pages\/20","targetHints":{"allow":["GET"]}}],"collection":[{"href":"https:\/\/feramusyakut.com\/index.php\/wp-json\/wp\/v2\/pages"}],"about":[{"href":"https:\/\/feramusyakut.com\/index.php\/wp-json\/wp\/v2\/types\/page"}],"author":[{"embeddable":true,"href":"https:\/\/feramusyakut.com\/index.php\/wp-json\/wp\/v2\/users\/2"}],"replies":[{"embeddable":true,"href":"https:\/\/feramusyakut.com\/index.php\/wp-json\/wp\/v2\/comments?post=20"}],"version-history":[{"count":4,"href":"https:\/\/feramusyakut.com\/index.php\/wp-json\/wp\/v2\/pages\/20\/revisions"}],"predecessor-version":[{"id":70,"href":"https:\/\/feramusyakut.com\/index.php\/wp-json\/wp\/v2\/pages\/20\/revisions\/70"}],"wp:featuredmedia":[{"embeddable":true,"href":"https:\/\/feramusyakut.com\/index.php\/wp-json\/wp\/v2\/media\/15"}],"wp:attachment":[{"href":"https:\/\/feramusyakut.com\/index.php\/wp-json\/wp\/v2\/media?parent=20"}],"curies":[{"name":"wp","href":"https:\/\/api.w.org\/{rel}","templated":true}]}}