{"id":66,"date":"2021-03-20T21:56:42","date_gmt":"2021-03-20T21:56:42","guid":{"rendered":"https:\/\/feramusyakut.com\/?page_id=66"},"modified":"2021-03-20T22:07:50","modified_gmt":"2021-03-20T22:07:50","slug":"is-ortaklarimiz-2","status":"publish","type":"page","link":"https:\/\/feramusyakut.com\/index.php\/is-ortaklarimiz-2\/","title":{"rendered":"\u0130\u015f Ortaklar\u0131m\u0131z"},"content":{"rendered":"<p><img decoding=\"async\" src=\"https:\/\/feramusyakut.com\/wp-content\/uploads\/2021\/03\/logo-300x53.png\" alt=\"\" width=\"300\" height=\"53\" class=\"alignnone size-medium wp-image-75\" srcset=\"https:\/\/feramusyakut.com\/wp-content\/uploads\/2021\/03\/logo-300x53.png 300w, https:\/\/feramusyakut.com\/wp-content\/uploads\/2021\/03\/logo.png 684w\" sizes=\"(max-width: 300px) 100vw, 300px\" \/><\/p>\n<p><img decoding=\"async\" src=\"https:\/\/feramusyakut.com\/wp-content\/uploads\/2021\/03\/drago-lanificio-in-biella-logo.png\" alt=\"\" width=\"224\" height=\"78\" class=\"alignnone size-full wp-image-80\" \/><\/p>\n<p><img fetchpriority=\"high\" decoding=\"async\" src=\"https:\/\/feramusyakut.com\/wp-content\/uploads\/2021\/03\/PngItem_6086720-300x192.png\" alt=\"\" width=\"300\" height=\"192\" class=\"alignnone size-medium wp-image-77\" srcset=\"https:\/\/feramusyakut.com\/wp-content\/uploads\/2021\/03\/PngItem_6086720-300x192.png 300w, https:\/\/feramusyakut.com\/wp-content\/uploads\/2021\/03\/PngItem_6086720.png 682w\" sizes=\"(max-width: 300px) 100vw, 300px\" \/><\/p>\n<p><img loading=\"lazy\" decoding=\"async\" src=\"https:\/\/feramusyakut.com\/wp-content\/uploads\/2021\/03\/kisspng-loro-piana-cashmere-wool-textile-clothing-hong-kong-landmark-5b1f93c11371c7.3476817415287960970797-300x188.png\" alt=\"\" width=\"300\" height=\"188\" class=\"alignnone size-medium wp-image-73\" srcset=\"https:\/\/feramusyakut.com\/wp-content\/uploads\/2021\/03\/kisspng-loro-piana-cashmere-wool-textile-clothing-hong-kong-landmark-5b1f93c11371c7.3476817415287960970797-300x188.png 300w, https:\/\/feramusyakut.com\/wp-content\/uploads\/2021\/03\/kisspng-loro-piana-cashmere-wool-textile-clothing-hong-kong-landmark-5b1f93c11371c7.3476817415287960970797.png 640w\" sizes=\"(max-width: 300px) 100vw, 300px\" \/><\/p>\n","protected":false},"excerpt":{"rendered":"","protected":false},"author":2,"featured_media":49,"parent":0,"menu_order":0,"comment_status":"closed","ping_status":"closed","template":"","meta":{"footnotes":""},"class_list":["post-66","page","type-page","status-publish","has-post-thumbnail","hentry"],"_links":{"self":[{"href":"https:\/\/feramusyakut.com\/index.php\/wp-json\/wp\/v2\/pages\/66","targetHints":{"allow":["GET"]}}],"collection":[{"href":"https:\/\/feramusyakut.com\/index.php\/wp-json\/wp\/v2\/pages"}],"about":[{"href":"https:\/\/feramusyakut.com\/index.php\/wp-json\/wp\/v2\/types\/page"}],"author":[{"embeddable":true,"href":"https:\/\/feramusyakut.com\/index.php\/wp-json\/wp\/v2\/users\/2"}],"replies":[{"embeddable":true,"href":"https:\/\/feramusyakut.com\/index.php\/wp-json\/wp\/v2\/comments?post=66"}],"version-history":[{"count":7,"href":"https:\/\/feramusyakut.com\/index.php\/wp-json\/wp\/v2\/pages\/66\/revisions"}],"predecessor-version":[{"id":82,"href":"https:\/\/feramusyakut.com\/index.php\/wp-json\/wp\/v2\/pages\/66\/revisions\/82"}],"wp:featuredmedia":[{"embeddable":true,"href":"https:\/\/feramusyakut.com\/index.php\/wp-json\/wp\/v2\/media\/49"}],"wp:attachment":[{"href":"https:\/\/feramusyakut.com\/index.php\/wp-json\/wp\/v2\/media?parent=66"}],"curies":[{"name":"wp","href":"https:\/\/api.w.org\/{rel}","templated":true}]}}